{"id":1343,"date":"2025-08-23T08:43:31","date_gmt":"2025-08-23T08:43:31","guid":{"rendered":"https:\/\/clenbuterolshops.com\/product\/comprimidos-de-clenbuterol-002-mg-produccion-original-de-sopharma-ue\/"},"modified":"2025-10-27T13:50:09","modified_gmt":"2025-10-27T13:50:09","slug":"comprimidos-de-clenbuterol-002-mg-produccion-original-de-sopharma-ue","status":"publish","type":"product","link":"https:\/\/clenbuterolshops.com\/es\/producto\/comprimidos-de-clenbuterol-002-mg-produccion-original-de-sopharma-ue\/","title":{"rendered":"Comprimidos de Clenbuterol 0,02 mg \u2013 producci\u00f3n original de Sopharma UE"},"content":{"rendered":"<p><span style=\"font-weight: 400; font-size: 25px;\">\u26a0\ufe0f Cuidado con las falsificaciones: solo el Clenbuterol original de Sopharma garantiza pureza, seguridad y eficacia.<\/span><\/p>\n<p><span style=\"font-size: 25px;\"><b>Beneficios clave:<\/b><\/span><\/p>\n<ul>\n<li style=\"font-weight: 400;\" aria-level=\"1\"><span style=\"font-size: 25px;\"><span style=\"font-weight: 400;\">\ud83d\udd25 <\/span><b>Quema de grasa acelerada<\/b><span style=\"font-weight: 400;\"> \u2013 estimula el metabolismo y utiliza las reservas de grasa como energ\u00eda<\/span><\/span><\/li>\n<li style=\"font-weight: 400;\" aria-level=\"1\"><span style=\"font-size: 25px;\"><span style=\"font-weight: 400;\">\ud83c\udf7d\ufe0f <\/span><b>Control del apetito<\/b><span style=\"font-weight: 400;\"> \u2013 ayuda a reducir los antojos y controlar la ingesta de calor\u00edas<\/span><\/span><\/li>\n<li style=\"font-weight: 400;\" aria-level=\"1\"><span style=\"font-size: 25px;\"><span style=\"font-weight: 400;\">\ud83d\udcaa <\/span><b>Preservaci\u00f3n muscular<\/b><span style=\"font-weight: 400;\"> \u2013 apoya la masa muscular magra durante las fases de definici\u00f3n<\/span><\/span><\/li>\n<li style=\"font-weight: 400;\" aria-level=\"1\"><span style=\"font-size: 25px;\"><span style=\"font-weight: 400;\">\u26a1 <\/span><b>Aumento de energ\u00eda y resistencia<\/b><span style=\"font-weight: 400;\"> \u2013 mejora la absorci\u00f3n de ox\u00edgeno y la intensidad del entrenamiento<\/span><\/span><\/li>\n<li style=\"font-weight: 400;\" aria-level=\"1\"><span style=\"font-size: 25px;\"><span style=\"font-weight: 400;\">\u2705 <\/span><b>Calidad certificada por la UE<\/b><span style=\"font-weight: 400;\"> \u2013 producto seguro, probado y original<\/span><\/span><\/li>\n<\/ul>\n<p><span style=\"font-size: 25px;\"><b>Informaci\u00f3n del producto:<\/b><\/span><\/p>\n<ul>\n<li style=\"font-weight: 400;\" aria-level=\"1\"><span style=\"font-size: 25px;\"><b>Nombre del producto:<\/b><span style=\"font-weight: 400;\"> Comprimidos de Clenbuterol 0,02 mg<\/span><\/span><\/li>\n<li style=\"font-weight: 400;\" aria-level=\"1\"><span style=\"font-size: 25px;\"><b>Ingrediente activo:<\/b><span style=\"font-weight: 400;\"> Clorhidrato de Clenbuterol<\/span><\/span><\/li>\n<li style=\"font-weight: 400;\" aria-level=\"1\"><span style=\"font-size: 25px;\"><b>Fabricante:<\/b><span style=\"font-weight: 400;\"> sopharma (UE)<\/span><\/span><\/li>\n<li style=\"font-weight: 400;\" aria-level=\"1\"><span style=\"font-size: 25px;\"><b>Forma:<\/b><span style=\"font-weight: 400;\"> comprimidos<\/span><\/span><\/li>\n<li style=\"font-weight: 400;\" aria-level=\"1\"><span style=\"font-size: 25px;\"><b>Dosis por comprimido:<\/b><span style=\"font-weight: 400;\"> 0,02 mg<\/span><\/span><\/li>\n<li style=\"font-weight: 400;\" aria-level=\"1\"><span style=\"font-size: 25px;\"><b>Disponibilidad:<\/b><span style=\"font-weight: 400;\"> Dependiendo de las regulaciones locales (puede requerir receta m\u00e9dica)<\/span><\/span><\/li>\n<li style=\"font-weight: 400;\" aria-level=\"1\"><span style=\"font-size: 25px;\"><b>Env\u00edo:<\/b><span style=\"font-weight: 400;\"> Embalaje discreto, seguro y protegido<\/span><\/span><\/li>\n<li style=\"font-weight: 400;\" aria-level=\"1\"><span style=\"font-size: 25px;\"><b>Precio:<\/b><span style=\"font-weight: 400;\"> desde 29,99 \u20ac<\/span><\/span><\/li>\n<\/ul>\n<p><span style=\"font-size: 25px;\"><b>Ingredientes (por comprimido):<\/b><\/span><\/p>\n<ul>\n<li style=\"font-weight: 400;\" aria-level=\"1\"><span style=\"font-weight: 400; font-size: 25px;\">Clorhidrato de Clenbuterol \u2013 0,02 mg<\/span><\/li>\n<li style=\"font-weight: 400;\" aria-level=\"1\"><span style=\"font-weight: 400; font-size: 25px;\">Lactosa monohidrato<\/span><\/li>\n<li style=\"font-weight: 400;\" aria-level=\"1\"><span style=\"font-weight: 400; font-size: 25px;\">Celulosa microcristalina<\/span><\/li>\n<li style=\"font-weight: 400;\" aria-level=\"1\"><span style=\"font-weight: 400; font-size: 25px;\">Estearato de magnesio<\/span><\/li>\n<li style=\"font-weight: 400;\" aria-level=\"1\"><span style=\"font-weight: 400; font-size: 25px;\">Otros excipientes est\u00e1ndar<\/span><\/li>\n<\/ul>\n<p><span style=\"font-size: 25px;\"><b>Dosis y consumo:<\/b><\/span><\/p>\n<ul>\n<li style=\"font-weight: 400;\" aria-level=\"1\"><span style=\"font-size: 25px;\"><b>Dosis inicial:<\/b><span style=\"font-weight: 400;\"> 20 mcg diarios (para principiantes)<\/span><\/span><\/li>\n<li style=\"font-weight: 400;\" aria-level=\"1\"><span style=\"font-size: 25px;\"><b>Aumento gradual:<\/b><span style=\"font-weight: 400;\"> +20 mcg cada 2\u20133 d\u00edas hasta alcanzar la dosis \u00f3ptima<\/span><\/span><\/li>\n<li style=\"font-weight: 400;\" aria-level=\"1\"><span style=\"font-size: 25px;\"><b>Dosis diaria m\u00e1xima:<\/b><span style=\"font-weight: 400;\"> 120 mcg<\/span><\/span><\/li>\n<li style=\"font-weight: 400;\" aria-level=\"1\"><span style=\"font-size: 25px;\"><b>Ciclo:<\/b><span style=\"font-weight: 400;\"> 4\u20136 semanas, seguido de un descanso de 2 semanas<\/span><\/span><\/li>\n<\/ul>\n<p><span style=\"font-size: 25px;\"><span style=\"font-weight: 400;\">\ud83d\udca1 <\/span><i><span style=\"font-weight: 400;\">Para obtener los mejores resultados, util\u00edcelo junto con un programa estructurado de entrenamiento y nutrici\u00f3n.<\/span><\/i><\/span><\/p>\n<p><span style=\"font-size: 25px;\"><b>Preguntas frecuentes (FAQ):<\/b><\/span><\/p>\n<ol>\n<li><span style=\"font-size: 25px;\"><b> \u00bfNecesito una receta?<\/b><b><br \/>\n<\/b><span style=\"font-weight: 400;\"> Depende de tu pa\u00eds: en algunos se vende sin receta, en otros est\u00e1 regulado.<\/span><\/span><\/li>\n<li><span style=\"font-size: 25px;\"><b> \u00bfCu\u00e1ndo notar\u00e9 los resultados?<\/b><b><br \/>\n<\/b><span style=\"font-weight: 400;\"> La mayor\u00eda de los usuarios informan de un aumento de energ\u00eda y quema de grasa en un plazo de 7 a 10 d\u00edas.<\/span><\/span><\/li>\n<li><span style=\"font-size: 25px;\"> <b> \u00bfHay efectos secundarios?<\/b><b><br \/>\n<\/b><span style=\"font-weight: 400;\"> Si se usa incorrectamente, pueden producirse temblores, latidos card\u00edacos r\u00e1pidos o problemas de sue\u00f1o. Siempre empiece con una dosis baja y aumente gradualmente.<\/span><\/span><\/li>\n<li><span style=\"font-size: 25px;\"><b> \u00bfPueden tomarlo las mujeres?<\/b><b><br \/>\n<\/b><span style=\"font-weight: 400;\"> S\u00ed, pero deben empezar con una dosis m\u00e1s baja.<\/span><\/span><\/li>\n<\/ol>\n<p><span style=\"font-size: 25px;\"><b>Nuestras garant\u00edas:<\/b><\/span><\/p>\n<ul>\n<li style=\"font-weight: 400;\" aria-level=\"1\"><span style=\"font-weight: 400; font-size: 25px;\">\u2705 100% producci\u00f3n original de Sopharma UE<\/span><\/li>\n<li style=\"font-weight: 400;\" aria-level=\"1\"><span style=\"font-weight: 400; font-size: 25px;\">\ud83e\uddea Probado para pureza y eficacia<\/span><\/li>\n<li style=\"font-weight: 400;\" aria-level=\"1\"><span style=\"font-weight: 400; font-size: 25px;\">\ud83d\udeab Sin falsificaciones ni copias inferiores<\/span><\/li>\n<li style=\"font-weight: 400;\" aria-level=\"1\"><span style=\"font-weight: 400; font-size: 25px;\">\ud83d\udce6 Entrega mundial discreta y segura<\/span><\/li>\n<li style=\"font-weight: 400;\" aria-level=\"1\"><span style=\"font-weight: 400; font-size: 25px;\">\ud83e\udd1d Atenci\u00f3n al cliente dedicada<\/span><\/li>\n<\/ul>\n<p><span style=\"font-size: 25px;\"><b>Llamada a la acci\u00f3n (CTA):<\/b><b><br \/>\n<\/b><span style=\"font-weight: 400;\"> \ud83d\udc49 Pide tus <\/span><b>comprimidos de Clenbuterol 0,02 mg de Sopharma<\/b><span style=\"font-weight: 400;\"> hoy mismo y da el siguiente paso hacia tu <\/span><b>transformaci\u00f3n f\u00edsica<\/b><span style=\"font-weight: 400;\">!<\/span><\/span><\/p>\n<p>&nbsp;<\/p>\n","protected":false},"excerpt":{"rendered":"<p><span style=\"font-size: 18px;\"><span style=\"font-weight: 400;\">Consigue tus objetivos de fitness y p\u00e9rdida de peso m\u00e1s r\u00e1pido con <\/span><b>los comprimidos de Clenbuterol 0,02 mg de Sopharma<\/b><span style=\"font-weight: 400;\">. Fabricado en la UE bajo estrictos est\u00e1ndares de calidad, este producto favorece la <\/span><b>quema de grasas, la definici\u00f3n muscular y el aumento de energ\u00eda<\/b><span style=\"font-weight: 400;\">.<\/span><\/span><\/p>\n","protected":false},"featured_media":1353,"comment_status":"open","ping_status":"closed","template":"","meta":[],"product_brand":[52],"product_cat":[141,140],"product_tag":[],"class_list":{"0":"post-1343","1":"product","2":"type-product","3":"status-publish","4":"has-post-thumbnail","6":"product_brand-sopharma","7":"product_cat-culturismo","8":"product_cat-el-mas-vendido","10":"first","11":"instock","12":"shipping-taxable","13":"purchasable","14":"product-type-simple"},"yoast_head":"<!-- This site is optimized with the Yoast SEO plugin v26.2 - https:\/\/yoast.com\/wordpress\/plugins\/seo\/ -->\n<title>Comprimidos de Clenbuterol 0,02 mg \u2013 producci\u00f3n original de Sopharma UE - Clenbuterol Shops<\/title>\n<meta name=\"robots\" content=\"index, follow, max-snippet:-1, max-image-preview:large, max-video-preview:-1\" \/>\n<link rel=\"canonical\" href=\"https:\/\/clenbuterolshops.com\/es\/producto\/comprimidos-de-clenbuterol-002-mg-produccion-original-de-sopharma-ue\/\" \/>\n<meta property=\"og:locale\" content=\"es_ES\" \/>\n<meta property=\"og:type\" content=\"article\" \/>\n<meta property=\"og:title\" content=\"Comprimidos de Clenbuterol 0,02 mg \u2013 producci\u00f3n original de Sopharma UE - Clenbuterol Shops\" \/>\n<meta property=\"og:description\" content=\"Consigue tus objetivos de fitness y p\u00e9rdida de peso m\u00e1s r\u00e1pido con los comprimidos de Clenbuterol 0,02 mg de Sopharma. Fabricado en la UE bajo estrictos est\u00e1ndares de calidad, este producto favorece la quema de grasas, la definici\u00f3n muscular y el aumento de energ\u00eda.\" \/>\n<meta property=\"og:url\" content=\"https:\/\/clenbuterolshops.com\/es\/producto\/comprimidos-de-clenbuterol-002-mg-produccion-original-de-sopharma-ue\/\" \/>\n<meta property=\"og:site_name\" content=\"Clenbuterol Shops\" \/>\n<meta property=\"article:modified_time\" content=\"2025-10-27T13:50:09+00:00\" \/>\n<meta property=\"og:image\" content=\"https:\/\/clenbuterolshops.com\/wp-content\/uploads\/2025\/08\/Untitled-design-3-1.jpg\" \/>\n\t<meta property=\"og:image:width\" content=\"2250\" \/>\n\t<meta property=\"og:image:height\" content=\"2250\" \/>\n\t<meta property=\"og:image:type\" content=\"image\/jpeg\" \/>\n<meta name=\"twitter:card\" content=\"summary_large_image\" \/>\n<meta name=\"twitter:label1\" content=\"Tiempo de lectura\" \/>\n\t<meta name=\"twitter:data1\" content=\"2 minutos\" \/>\n<script type=\"application\/ld+json\" class=\"yoast-schema-graph\">{\"@context\":\"https:\/\/schema.org\",\"@graph\":[{\"@type\":\"WebPage\",\"@id\":\"https:\/\/clenbuterolshops.com\/es\/producto\/comprimidos-de-clenbuterol-002-mg-produccion-original-de-sopharma-ue\/\",\"url\":\"https:\/\/clenbuterolshops.com\/es\/producto\/comprimidos-de-clenbuterol-002-mg-produccion-original-de-sopharma-ue\/\",\"name\":\"Comprimidos de Clenbuterol 0,02 mg \u2013 producci\u00f3n original de Sopharma UE - Clenbuterol Shops\",\"isPartOf\":{\"@id\":\"https:\/\/clenbuterolshops.com\/es\/#website\"},\"primaryImageOfPage\":{\"@id\":\"https:\/\/clenbuterolshops.com\/es\/producto\/comprimidos-de-clenbuterol-002-mg-produccion-original-de-sopharma-ue\/#primaryimage\"},\"image\":{\"@id\":\"https:\/\/clenbuterolshops.com\/es\/producto\/comprimidos-de-clenbuterol-002-mg-produccion-original-de-sopharma-ue\/#primaryimage\"},\"thumbnailUrl\":\"https:\/\/clenbuterolshops.com\/wp-content\/uploads\/2025\/08\/Untitled-design-3-1.jpg\",\"datePublished\":\"2025-08-23T08:43:31+00:00\",\"dateModified\":\"2025-10-27T13:50:09+00:00\",\"breadcrumb\":{\"@id\":\"https:\/\/clenbuterolshops.com\/es\/producto\/comprimidos-de-clenbuterol-002-mg-produccion-original-de-sopharma-ue\/#breadcrumb\"},\"inLanguage\":\"es\",\"potentialAction\":[{\"@type\":\"ReadAction\",\"target\":[\"https:\/\/clenbuterolshops.com\/es\/producto\/comprimidos-de-clenbuterol-002-mg-produccion-original-de-sopharma-ue\/\"]}]},{\"@type\":\"ImageObject\",\"inLanguage\":\"es\",\"@id\":\"https:\/\/clenbuterolshops.com\/es\/producto\/comprimidos-de-clenbuterol-002-mg-produccion-original-de-sopharma-ue\/#primaryimage\",\"url\":\"https:\/\/clenbuterolshops.com\/wp-content\/uploads\/2025\/08\/Untitled-design-3-1.jpg\",\"contentUrl\":\"https:\/\/clenbuterolshops.com\/wp-content\/uploads\/2025\/08\/Untitled-design-3-1.jpg\",\"width\":2250,\"height\":2250},{\"@type\":\"BreadcrumbList\",\"@id\":\"https:\/\/clenbuterolshops.com\/es\/producto\/comprimidos-de-clenbuterol-002-mg-produccion-original-de-sopharma-ue\/#breadcrumb\",\"itemListElement\":[{\"@type\":\"ListItem\",\"position\":1,\"name\":\"Inicio\",\"item\":\"https:\/\/clenbuterolshops.com\/es\/\"},{\"@type\":\"ListItem\",\"position\":2,\"name\":\"Tienda\",\"item\":\"https:\/\/clenbuterolshops.com\/es\/tienda\/\"},{\"@type\":\"ListItem\",\"position\":3,\"name\":\"Comprimidos de Clenbuterol 0,02 mg \u2013 producci\u00f3n original de Sopharma UE\"}]},{\"@type\":\"WebSite\",\"@id\":\"https:\/\/clenbuterolshops.com\/es\/#website\",\"url\":\"https:\/\/clenbuterolshops.com\/es\/\",\"name\":\"Clenbuterol Shops\",\"description\":\"\",\"potentialAction\":[{\"@type\":\"SearchAction\",\"target\":{\"@type\":\"EntryPoint\",\"urlTemplate\":\"https:\/\/clenbuterolshops.com\/es\/?s={search_term_string}\"},\"query-input\":{\"@type\":\"PropertyValueSpecification\",\"valueRequired\":true,\"valueName\":\"search_term_string\"}}],\"inLanguage\":\"es\"}]}<\/script>\n<!-- \/ Yoast SEO plugin. -->","yoast_head_json":{"title":"Comprimidos de Clenbuterol 0,02 mg \u2013 producci\u00f3n original de Sopharma UE - Clenbuterol Shops","robots":{"index":"index","follow":"follow","max-snippet":"max-snippet:-1","max-image-preview":"max-image-preview:large","max-video-preview":"max-video-preview:-1"},"canonical":"https:\/\/clenbuterolshops.com\/es\/producto\/comprimidos-de-clenbuterol-002-mg-produccion-original-de-sopharma-ue\/","og_locale":"es_ES","og_type":"article","og_title":"Comprimidos de Clenbuterol 0,02 mg \u2013 producci\u00f3n original de Sopharma UE - Clenbuterol Shops","og_description":"Consigue tus objetivos de fitness y p\u00e9rdida de peso m\u00e1s r\u00e1pido con los comprimidos de Clenbuterol 0,02 mg de Sopharma. Fabricado en la UE bajo estrictos est\u00e1ndares de calidad, este producto favorece la quema de grasas, la definici\u00f3n muscular y el aumento de energ\u00eda.","og_url":"https:\/\/clenbuterolshops.com\/es\/producto\/comprimidos-de-clenbuterol-002-mg-produccion-original-de-sopharma-ue\/","og_site_name":"Clenbuterol Shops","article_modified_time":"2025-10-27T13:50:09+00:00","og_image":[{"width":2250,"height":2250,"url":"https:\/\/clenbuterolshops.com\/wp-content\/uploads\/2025\/08\/Untitled-design-3-1.jpg","type":"image\/jpeg"}],"twitter_card":"summary_large_image","twitter_misc":{"Tiempo de lectura":"2 minutos"},"schema":{"@context":"https:\/\/schema.org","@graph":[{"@type":"WebPage","@id":"https:\/\/clenbuterolshops.com\/es\/producto\/comprimidos-de-clenbuterol-002-mg-produccion-original-de-sopharma-ue\/","url":"https:\/\/clenbuterolshops.com\/es\/producto\/comprimidos-de-clenbuterol-002-mg-produccion-original-de-sopharma-ue\/","name":"Comprimidos de Clenbuterol 0,02 mg \u2013 producci\u00f3n original de Sopharma UE - Clenbuterol Shops","isPartOf":{"@id":"https:\/\/clenbuterolshops.com\/es\/#website"},"primaryImageOfPage":{"@id":"https:\/\/clenbuterolshops.com\/es\/producto\/comprimidos-de-clenbuterol-002-mg-produccion-original-de-sopharma-ue\/#primaryimage"},"image":{"@id":"https:\/\/clenbuterolshops.com\/es\/producto\/comprimidos-de-clenbuterol-002-mg-produccion-original-de-sopharma-ue\/#primaryimage"},"thumbnailUrl":"https:\/\/clenbuterolshops.com\/wp-content\/uploads\/2025\/08\/Untitled-design-3-1.jpg","datePublished":"2025-08-23T08:43:31+00:00","dateModified":"2025-10-27T13:50:09+00:00","breadcrumb":{"@id":"https:\/\/clenbuterolshops.com\/es\/producto\/comprimidos-de-clenbuterol-002-mg-produccion-original-de-sopharma-ue\/#breadcrumb"},"inLanguage":"es","potentialAction":[{"@type":"ReadAction","target":["https:\/\/clenbuterolshops.com\/es\/producto\/comprimidos-de-clenbuterol-002-mg-produccion-original-de-sopharma-ue\/"]}]},{"@type":"ImageObject","inLanguage":"es","@id":"https:\/\/clenbuterolshops.com\/es\/producto\/comprimidos-de-clenbuterol-002-mg-produccion-original-de-sopharma-ue\/#primaryimage","url":"https:\/\/clenbuterolshops.com\/wp-content\/uploads\/2025\/08\/Untitled-design-3-1.jpg","contentUrl":"https:\/\/clenbuterolshops.com\/wp-content\/uploads\/2025\/08\/Untitled-design-3-1.jpg","width":2250,"height":2250},{"@type":"BreadcrumbList","@id":"https:\/\/clenbuterolshops.com\/es\/producto\/comprimidos-de-clenbuterol-002-mg-produccion-original-de-sopharma-ue\/#breadcrumb","itemListElement":[{"@type":"ListItem","position":1,"name":"Inicio","item":"https:\/\/clenbuterolshops.com\/es\/"},{"@type":"ListItem","position":2,"name":"Tienda","item":"https:\/\/clenbuterolshops.com\/es\/tienda\/"},{"@type":"ListItem","position":3,"name":"Comprimidos de Clenbuterol 0,02 mg \u2013 producci\u00f3n original de Sopharma UE"}]},{"@type":"WebSite","@id":"https:\/\/clenbuterolshops.com\/es\/#website","url":"https:\/\/clenbuterolshops.com\/es\/","name":"Clenbuterol Shops","description":"","potentialAction":[{"@type":"SearchAction","target":{"@type":"EntryPoint","urlTemplate":"https:\/\/clenbuterolshops.com\/es\/?s={search_term_string}"},"query-input":{"@type":"PropertyValueSpecification","valueRequired":true,"valueName":"search_term_string"}}],"inLanguage":"es"}]}},"_links":{"self":[{"href":"https:\/\/clenbuterolshops.com\/es\/wp-json\/wp\/v2\/product\/1343","targetHints":{"allow":["GET"]}}],"collection":[{"href":"https:\/\/clenbuterolshops.com\/es\/wp-json\/wp\/v2\/product"}],"about":[{"href":"https:\/\/clenbuterolshops.com\/es\/wp-json\/wp\/v2\/types\/product"}],"replies":[{"embeddable":true,"href":"https:\/\/clenbuterolshops.com\/es\/wp-json\/wp\/v2\/comments?post=1343"}],"wp:featuredmedia":[{"embeddable":true,"href":"https:\/\/clenbuterolshops.com\/es\/wp-json\/wp\/v2\/media\/1353"}],"wp:attachment":[{"href":"https:\/\/clenbuterolshops.com\/es\/wp-json\/wp\/v2\/media?parent=1343"}],"wp:term":[{"taxonomy":"product_brand","embeddable":true,"href":"https:\/\/clenbuterolshops.com\/es\/wp-json\/wp\/v2\/product_brand?post=1343"},{"taxonomy":"product_cat","embeddable":true,"href":"https:\/\/clenbuterolshops.com\/es\/wp-json\/wp\/v2\/product_cat?post=1343"},{"taxonomy":"product_tag","embeddable":true,"href":"https:\/\/clenbuterolshops.com\/es\/wp-json\/wp\/v2\/product_tag?post=1343"}],"curies":[{"name":"wp","href":"https:\/\/api.w.org\/{rel}","templated":true}]}}