{"id":1414,"date":"2025-08-23T10:16:09","date_gmt":"2025-08-23T10:16:09","guid":{"rendered":"https:\/\/clenbuterolshops.com\/product\/ketotifeno-1-mg-30-comprimidos-sopharma-ue\/"},"modified":"2025-10-27T13:50:10","modified_gmt":"2025-10-27T13:50:10","slug":"ketotifeno-1-mg-30-comprimidos-sopharma-ue","status":"publish","type":"product","link":"https:\/\/clenbuterolshops.com\/es\/producto\/ketotifeno-1-mg-30-comprimidos-sopharma-ue\/","title":{"rendered":"Ketotifeno 1 mg (30 comprimidos) \u2014 sopharma (UE)"},"content":{"rendered":"<p><span style=\"font-size: 30px;\"><b>Ketotifeno 1 mg (30 comprimidos) \u2014 sopharma (UE)<\/b><\/span><\/p>\n<p><span style=\"font-size: 30px;\"><span style=\"font-weight: 400;\">  \u26a0\ufe0f Utilizar solo seg\u00fan las indicaciones de un profesional sanitario autorizado y de acuerdo con las leyes locales.<\/span><\/span><\/p>\n<p>&nbsp;<\/p>\n<p><span style=\"font-weight: 400; font-size: 30px;\">VENTAJAS CLAVE:<\/span><\/p>\n<p>&nbsp;<\/p>\n<ul>\n<li style=\"font-weight: 400;\" aria-level=\"1\"><span style=\"font-size: 30px;\"><span style=\"font-size: 30px;\"><span style=\"font-weight: 400;\">\u2705 Antihistam\u00ednico y estabilizador de mastocitos cl\u00ednicamente probado para el tratamiento de alergias.<\/span><\/span><\/span><\/li>\n<li style=\"font-weight: 400;\" aria-level=\"1\"><span style=\"font-size: 30px;\"><span style=\"font-size: 30px;\"><span style=\"font-weight: 400;\">\u2705 Fabricaci\u00f3n con calidad de la UE con estrictos controles de seguridad y calidad.<\/span><\/span><\/span><\/li>\n<li style=\"font-weight: 400;\" aria-level=\"1\"><span style=\"font-size: 30px;\"><span style=\"font-size: 30px;\"><span style=\"font-weight: 400;\">\u2705 Trazabilidad mediante el n\u00famero de lote y la fecha de caducidad en el envase.<\/span><\/span><\/span><\/li>\n<li style=\"font-weight: 400;\" aria-level=\"1\"><span style=\"font-size: 30px;\"><span style=\"font-size: 30px;\"><span style=\"font-weight: 400;\">\u2705 Env\u00edo discreto y seguro, y embalaje exterior neutro.<\/span><\/span><\/span><\/li>\n<li style=\"font-weight: 400;\" aria-level=\"1\"><span style=\"font-size: 30px;\"><span style=\"font-size: 30px;\"><span style=\"font-weight: 400;\">\u2705 Composici\u00f3n clara: 1 mg de ketotifeno por comprimido m\u00e1s excipientes est\u00e1ndar.<\/span><\/span><\/span><\/li>\n<\/ul>\n<p><span style=\"font-weight: 400; font-size: 30px;\">INFORMACI\u00d3N DEL PRODUCTO:<\/span><\/p>\n<p>&nbsp;<\/p>\n<ul>\n<li style=\"font-weight: 400;\" aria-level=\"1\"><span style=\"font-size: 30px;\"><span style=\"font-size: 30px;\"><span style=\"font-weight: 400;\">Nombre del producto: Comprimidos de Ketotifeno 1 mg<\/span><\/span><\/span><\/li>\n<li style=\"font-weight: 400;\" aria-level=\"1\"><span style=\"font-size: 30px;\"><span style=\"font-size: 30px;\"><span style=\"font-weight: 400;\">Ingrediente activo: Ketotifeno<\/span><\/span><\/span><\/li>\n<li style=\"font-weight: 400;\" aria-level=\"1\"><span style=\"font-size: 30px;\"><span style=\"font-size: 30px;\"><span style=\"font-weight: 400;\">Concentraci\u00f3n: 1 mg por comprimido<\/span><\/span><\/span><\/li>\n<li style=\"font-weight: 400;\" aria-level=\"1\"><span style=\"font-size: 30px;\"><span style=\"font-size: 30px;\"><span style=\"font-weight: 400;\">Contenido: 30 comprimidos<\/span><\/span><\/span><\/li>\n<li style=\"font-weight: 400;\" aria-level=\"1\"><span style=\"font-size: 30px;\"><span style=\"font-size: 30px;\"><span style=\"font-weight: 400;\">Fabricante: sopharma (UE)<\/span><\/span><\/span><\/li>\n<li style=\"font-weight: 400;\" aria-level=\"1\"><span style=\"font-size: 30px;\"><span style=\"font-size: 30px;\"><span style=\"font-weight: 400;\">Forma: comprimidos<\/span><\/span><\/span><\/li>\n<li style=\"font-weight: 400;\" aria-level=\"1\"><span style=\"font-size: 30px;\"><span style=\"font-size: 30px;\"><span style=\"font-weight: 400;\">Pa\u00eds de origen: Uni\u00f3n Europea<\/span><\/span><\/span><\/li>\n<li style=\"font-weight: 400;\" aria-level=\"1\"><span style=\"font-size: 30px;\"><span style=\"font-size: 30px;\"><span style=\"font-weight: 400;\">Disponibilidad: Puede requerir receta m\u00e9dica seg\u00fan la normativa local<\/span><\/span><\/span><\/li>\n<li style=\"font-weight: 400;\" aria-level=\"1\"><span style=\"font-size: 30px;\"><span style=\"font-size: 30px;\"><span style=\"font-weight: 400;\">Env\u00edo: Embalaje discreto y seguro<\/span><\/span><\/span><\/li>\n<\/ul>\n<p><span style=\"font-weight: 400; font-size: 30px;\">INGREDIENTES (POR COMPRIMIDO):<\/span><\/p>\n<p>&nbsp;<\/p>\n<ul>\n<li style=\"font-weight: 400;\" aria-level=\"1\"><span style=\"font-size: 30px;\"><span style=\"font-size: 30px;\"><span style=\"font-weight: 400;\">Activo: Ketotifeno \u2014 1 mg<\/span><\/span><\/span><\/li>\n<li style=\"font-weight: 400;\" aria-level=\"1\"><span style=\"font-size: 30px;\"><span style=\"font-size: 30px;\"><span style=\"font-weight: 400;\">Excipientes: Lactosa monohidrato; celulosa microcristalina; estearato de magnesio; otros excipientes est\u00e1ndar para comprimidos<\/span><\/span><\/span><\/li>\n<li style=\"font-weight: 400;\" aria-level=\"1\"><span style=\"font-size: 30px;\"><span style=\"font-size: 30px;\"><span style=\"font-weight: 400;\">Al\u00e9rgenos: Contiene lactosa<\/span><\/span><\/span><\/li>\n<\/ul>\n<p><span style=\"font-weight: 400; font-size: 30px;\">INSTRUCCIONES Y SEGURIDAD<\/span><\/p>\n<p>&nbsp;<\/p>\n<ul>\n<li style=\"font-weight: 400;\" aria-level=\"1\"><span style=\"font-size: 30px;\"><span style=\"font-size: 30px;\"><span style=\"font-weight: 400;\">Utilizar solo seg\u00fan las indicaciones de un profesional sanitario autorizado o como se indica en la etiqueta del producto.<\/span><\/span><\/span><\/li>\n<li style=\"font-weight: 400;\" aria-level=\"1\"><span style=\"font-size: 30px;\"><span style=\"font-size: 30px;\"><span style=\"font-weight: 400;\">Aqu\u00ed no se proporciona ninguna gu\u00eda de dosificaci\u00f3n espec\u00edfica. No se automedique. <\/span><\/span><\/span><\/li>\n<li style=\"font-weight: 400;\" aria-level=\"1\"><span style=\"font-size: 30px;\"><span style=\"font-size: 30px;\"><span style=\"font-weight: 400;\">Puede causar somnolencia; si se ve afectado, evite conducir, manejar maquinaria, consumir alcohol u otros depresores del SNC.<\/span><\/span><\/span><\/li>\n<li style=\"font-weight: 400;\" aria-level=\"1\"><span style=\"font-size: 30px;\"><span style=\"font-size: 30px;\"><span style=\"font-weight: 400;\">No apto para menores de 18 a\u00f1os a menos que lo indique un profesional sanitario.<\/span><\/span><\/span><\/li>\n<li style=\"font-weight: 400;\" aria-level=\"1\"><span style=\"font-size: 30px;\"><span style=\"font-size: 30px;\"><span style=\"font-weight: 400;\">No debe utilizarse durante el embarazo o la lactancia a menos que lo indique un profesional sanitario.<\/span><\/span><\/span><\/li>\n<li style=\"font-weight: 400;\" aria-level=\"1\"><span style=\"font-size: 30px;\"><span style=\"font-size: 30px;\"><span style=\"font-weight: 400;\">Almacenamiento: Conservar en el embalaje original; proteger del calor y la humedad; mantener fuera del alcance de los ni\u00f1os.<\/span><\/span><\/span><\/li>\n<\/ul>\n<p><span style=\"font-weight: 400; font-size: 30px;\">PREGUNTAS FRECUENTES (FAQ)<\/span><\/p>\n<p>&nbsp;<\/p>\n<ol>\n<li style=\"font-weight: 400;\" aria-level=\"1\"><span style=\"font-size: 30px;\"><span style=\"font-size: 30px;\"><span style=\"font-weight: 400;\">\u00bfNecesito receta m\u00e9dica?<\/span><span style=\"font-weight: 400;\"><br \/>\n<\/span><span style=\"font-weight: 400;\"> \u2022 Depende de su ubicaci\u00f3n. En muchas jurisdicciones, el ketotifeno solo se dispensa con receta m\u00e9dica.<\/span><\/span><\/span><\/li>\n<li style=\"font-weight: 400;\" aria-level=\"1\"><span style=\"font-size: 30px;\"><span style=\"font-size: 30px;\"><span style=\"font-weight: 400;\">\u00bfEl ketotifeno causa somnolencia?<\/span><span style=\"font-weight: 400;\"><br \/>\n<\/span><span style=\"font-weight: 400;\"> \u2022 Puede causar somnolencia en algunos usuarios. Si se ve afectado, evite conducir, manejar maquinaria y consumir alcohol.<\/span><\/span><\/span><\/li>\n<li style=\"font-weight: 400;\" aria-level=\"1\"><span style=\"font-size: 30px;\"><span style=\"font-size: 30px;\"><span style=\"font-weight: 400;\">\u00bfPuedo utilizarlo para practicar deporte o en combinaci\u00f3n (\u201cstacking\u201d) con otras sustancias?<\/span><span style=\"font-weight: 400;\"><br \/>\n<\/span><span style=\"font-weight: 400;\"> \u2022 No. Este producto no est\u00e1 destinado a mejorar el rendimiento ni al stacking. Siga siempre los consejos m\u00e9dicos y las instrucciones de la etiqueta.<\/span><\/span><\/span><\/li>\n<li style=\"font-weight: 400;\" aria-level=\"1\"><span style=\"font-size: 30px;\"><span style=\"font-size: 30px;\"><span style=\"font-weight: 400;\">\u00bfC\u00f3mo puedo verificar la autenticidad?<\/span><span style=\"font-weight: 400;\"><br \/>\n<\/span><span style=\"font-weight: 400;\"> \u2022 Compruebe el sello de seguridad, el n\u00famero de lote y la fecha de caducidad en el embalaje. P\u00f3ngase en contacto con el servicio de asistencia t\u00e9cnica con el c\u00f3digo de lote para obtener ayuda con la verificaci\u00f3n.<\/span><\/span><\/span><\/li>\n<\/ol>\n<p>&nbsp;<\/p>\n<p><span style=\"font-weight: 400; font-size: 30px;\">NUESTRAS GARANT\u00cdAS<\/span><\/p>\n<p>&nbsp;<\/p>\n<ul>\n<li style=\"font-weight: 400;\" aria-level=\"1\"><span style=\"font-size: 30px;\"><span style=\"font-size: 30px;\"><span style=\"font-weight: 400;\">\u2705 100% producci\u00f3n original de Sopharma UE<\/span><\/span><\/span><\/li>\n<li style=\"font-weight: 400;\" aria-level=\"1\"><span style=\"font-size: 30px;\"><span style=\"font-size: 30px;\"><span style=\"font-weight: 400;\">\ud83e\uddea Probado para garantizar la calidad; n\u00famero de lote y fecha de caducidad en el envase<\/span><\/span><\/span><\/li>\n<li style=\"font-weight: 400;\" aria-level=\"1\"><span style=\"font-size: 30px;\"><span style=\"font-size: 30px;\"><span style=\"font-weight: 400;\">\ud83d\udeab Sin falsificaciones ni copias inferiores<\/span><\/span><\/span><\/li>\n<li style=\"font-weight: 400;\" aria-level=\"1\"><span style=\"font-size: 30px;\"><span style=\"font-size: 30px;\"><span style=\"font-weight: 400;\">\ud83d\udce6 Entrega discreta y segura<\/span><\/span><\/span><\/li>\n<li style=\"font-weight: 400;\" aria-level=\"1\"><span style=\"font-size: 30px;\"><span style=\"font-size: 30px;\"><span style=\"font-weight: 400;\">\ud83e\udd1d Atenci\u00f3n al cliente receptiva<\/span><\/span><\/span><\/li>\n<\/ul>\n<p><span style=\"font-weight: 400; font-size: 30px;\">LLAMADA A LA ACCI\u00d3N (CTA)<\/span><\/p>\n<p><span style=\"font-size: 30px;\"><span style=\"font-weight: 400;\"><br \/>\n<\/span><span style=\"font-weight: 400;\">  Pida hoy mismo su Ketotifeno 1 mg (30 comprimidos) de Sopharma y compre con confianza en la calidad y autenticidad certificadas por la UE.<\/span><\/span><\/p>\n<p>&nbsp;<\/p>\n","protected":false},"excerpt":{"rendered":"<p><span style=\"font-size: 18px;\"><span style=\"font-weight: 400;\">Los comprimidos de Ketotifeno de 1 mg de Sopharma son comprimidos antihistam\u00ednicos y estabilizadores de mastocitos fabricados en la UE, dise\u00f1ados para el tratamiento de afecciones al\u00e9rgicas. Cada envase sellado de f\u00e1brica contiene 30 comprimidos con autenticidad verificada y embalaje discreto. <\/span><\/span><\/p>\n","protected":false},"featured_media":1416,"comment_status":"open","ping_status":"closed","template":"","meta":[],"product_brand":[52],"product_cat":[141,140],"product_tag":[],"class_list":{"0":"post-1414","1":"product","2":"type-product","3":"status-publish","4":"has-post-thumbnail","6":"product_brand-sopharma","7":"product_cat-culturismo","8":"product_cat-el-mas-vendido","10":"first","11":"instock","12":"shipping-taxable","13":"purchasable","14":"product-type-simple"},"yoast_head":"<!-- This site is optimized with the Yoast SEO plugin v26.2 - https:\/\/yoast.com\/wordpress\/plugins\/seo\/ -->\n<title>Ketotifeno 1 mg (30 comprimidos) \u2014 sopharma (UE) - Clenbuterol Shops<\/title>\n<meta name=\"robots\" content=\"index, follow, max-snippet:-1, max-image-preview:large, max-video-preview:-1\" \/>\n<link rel=\"canonical\" href=\"https:\/\/clenbuterolshops.com\/es\/producto\/ketotifeno-1-mg-30-comprimidos-sopharma-ue\/\" \/>\n<meta property=\"og:locale\" content=\"es_ES\" \/>\n<meta property=\"og:type\" content=\"article\" \/>\n<meta property=\"og:title\" content=\"Ketotifeno 1 mg (30 comprimidos) \u2014 sopharma (UE) - Clenbuterol Shops\" \/>\n<meta property=\"og:description\" content=\"Los comprimidos de Ketotifeno de 1 mg de Sopharma son comprimidos antihistam\u00ednicos y estabilizadores de mastocitos fabricados en la UE, dise\u00f1ados para el tratamiento de afecciones al\u00e9rgicas. Cada envase sellado de f\u00e1brica contiene 30 comprimidos con autenticidad verificada y embalaje discreto.\" \/>\n<meta property=\"og:url\" content=\"https:\/\/clenbuterolshops.com\/es\/producto\/ketotifeno-1-mg-30-comprimidos-sopharma-ue\/\" \/>\n<meta property=\"og:site_name\" content=\"Clenbuterol Shops\" \/>\n<meta property=\"article:modified_time\" content=\"2025-10-27T13:50:10+00:00\" \/>\n<meta property=\"og:image\" content=\"https:\/\/clenbuterolshops.com\/wp-content\/uploads\/2025\/08\/Untitled-design-2.jpg\" \/>\n\t<meta property=\"og:image:width\" content=\"2250\" \/>\n\t<meta property=\"og:image:height\" content=\"2250\" \/>\n\t<meta property=\"og:image:type\" content=\"image\/jpeg\" \/>\n<meta name=\"twitter:card\" content=\"summary_large_image\" \/>\n<meta name=\"twitter:label1\" content=\"Tiempo de lectura\" \/>\n\t<meta name=\"twitter:data1\" content=\"2 minutos\" \/>\n<script type=\"application\/ld+json\" class=\"yoast-schema-graph\">{\"@context\":\"https:\/\/schema.org\",\"@graph\":[{\"@type\":\"WebPage\",\"@id\":\"https:\/\/clenbuterolshops.com\/es\/producto\/ketotifeno-1-mg-30-comprimidos-sopharma-ue\/\",\"url\":\"https:\/\/clenbuterolshops.com\/es\/producto\/ketotifeno-1-mg-30-comprimidos-sopharma-ue\/\",\"name\":\"Ketotifeno 1 mg (30 comprimidos) \u2014 sopharma (UE) - Clenbuterol Shops\",\"isPartOf\":{\"@id\":\"https:\/\/clenbuterolshops.com\/es\/#website\"},\"primaryImageOfPage\":{\"@id\":\"https:\/\/clenbuterolshops.com\/es\/producto\/ketotifeno-1-mg-30-comprimidos-sopharma-ue\/#primaryimage\"},\"image\":{\"@id\":\"https:\/\/clenbuterolshops.com\/es\/producto\/ketotifeno-1-mg-30-comprimidos-sopharma-ue\/#primaryimage\"},\"thumbnailUrl\":\"https:\/\/clenbuterolshops.com\/wp-content\/uploads\/2025\/08\/Untitled-design-2.jpg\",\"datePublished\":\"2025-08-23T10:16:09+00:00\",\"dateModified\":\"2025-10-27T13:50:10+00:00\",\"breadcrumb\":{\"@id\":\"https:\/\/clenbuterolshops.com\/es\/producto\/ketotifeno-1-mg-30-comprimidos-sopharma-ue\/#breadcrumb\"},\"inLanguage\":\"es\",\"potentialAction\":[{\"@type\":\"ReadAction\",\"target\":[\"https:\/\/clenbuterolshops.com\/es\/producto\/ketotifeno-1-mg-30-comprimidos-sopharma-ue\/\"]}]},{\"@type\":\"ImageObject\",\"inLanguage\":\"es\",\"@id\":\"https:\/\/clenbuterolshops.com\/es\/producto\/ketotifeno-1-mg-30-comprimidos-sopharma-ue\/#primaryimage\",\"url\":\"https:\/\/clenbuterolshops.com\/wp-content\/uploads\/2025\/08\/Untitled-design-2.jpg\",\"contentUrl\":\"https:\/\/clenbuterolshops.com\/wp-content\/uploads\/2025\/08\/Untitled-design-2.jpg\",\"width\":2250,\"height\":2250},{\"@type\":\"BreadcrumbList\",\"@id\":\"https:\/\/clenbuterolshops.com\/es\/producto\/ketotifeno-1-mg-30-comprimidos-sopharma-ue\/#breadcrumb\",\"itemListElement\":[{\"@type\":\"ListItem\",\"position\":1,\"name\":\"Inicio\",\"item\":\"https:\/\/clenbuterolshops.com\/es\/\"},{\"@type\":\"ListItem\",\"position\":2,\"name\":\"Tienda\",\"item\":\"https:\/\/clenbuterolshops.com\/es\/tienda\/\"},{\"@type\":\"ListItem\",\"position\":3,\"name\":\"Ketotifeno 1 mg (30 comprimidos) \u2014 sopharma (UE)\"}]},{\"@type\":\"WebSite\",\"@id\":\"https:\/\/clenbuterolshops.com\/es\/#website\",\"url\":\"https:\/\/clenbuterolshops.com\/es\/\",\"name\":\"Clenbuterol Shops\",\"description\":\"\",\"potentialAction\":[{\"@type\":\"SearchAction\",\"target\":{\"@type\":\"EntryPoint\",\"urlTemplate\":\"https:\/\/clenbuterolshops.com\/es\/?s={search_term_string}\"},\"query-input\":{\"@type\":\"PropertyValueSpecification\",\"valueRequired\":true,\"valueName\":\"search_term_string\"}}],\"inLanguage\":\"es\"}]}<\/script>\n<!-- \/ Yoast SEO plugin. -->","yoast_head_json":{"title":"Ketotifeno 1 mg (30 comprimidos) \u2014 sopharma (UE) - Clenbuterol Shops","robots":{"index":"index","follow":"follow","max-snippet":"max-snippet:-1","max-image-preview":"max-image-preview:large","max-video-preview":"max-video-preview:-1"},"canonical":"https:\/\/clenbuterolshops.com\/es\/producto\/ketotifeno-1-mg-30-comprimidos-sopharma-ue\/","og_locale":"es_ES","og_type":"article","og_title":"Ketotifeno 1 mg (30 comprimidos) \u2014 sopharma (UE) - Clenbuterol Shops","og_description":"Los comprimidos de Ketotifeno de 1 mg de Sopharma son comprimidos antihistam\u00ednicos y estabilizadores de mastocitos fabricados en la UE, dise\u00f1ados para el tratamiento de afecciones al\u00e9rgicas. Cada envase sellado de f\u00e1brica contiene 30 comprimidos con autenticidad verificada y embalaje discreto.","og_url":"https:\/\/clenbuterolshops.com\/es\/producto\/ketotifeno-1-mg-30-comprimidos-sopharma-ue\/","og_site_name":"Clenbuterol Shops","article_modified_time":"2025-10-27T13:50:10+00:00","og_image":[{"width":2250,"height":2250,"url":"https:\/\/clenbuterolshops.com\/wp-content\/uploads\/2025\/08\/Untitled-design-2.jpg","type":"image\/jpeg"}],"twitter_card":"summary_large_image","twitter_misc":{"Tiempo de lectura":"2 minutos"},"schema":{"@context":"https:\/\/schema.org","@graph":[{"@type":"WebPage","@id":"https:\/\/clenbuterolshops.com\/es\/producto\/ketotifeno-1-mg-30-comprimidos-sopharma-ue\/","url":"https:\/\/clenbuterolshops.com\/es\/producto\/ketotifeno-1-mg-30-comprimidos-sopharma-ue\/","name":"Ketotifeno 1 mg (30 comprimidos) \u2014 sopharma (UE) - Clenbuterol Shops","isPartOf":{"@id":"https:\/\/clenbuterolshops.com\/es\/#website"},"primaryImageOfPage":{"@id":"https:\/\/clenbuterolshops.com\/es\/producto\/ketotifeno-1-mg-30-comprimidos-sopharma-ue\/#primaryimage"},"image":{"@id":"https:\/\/clenbuterolshops.com\/es\/producto\/ketotifeno-1-mg-30-comprimidos-sopharma-ue\/#primaryimage"},"thumbnailUrl":"https:\/\/clenbuterolshops.com\/wp-content\/uploads\/2025\/08\/Untitled-design-2.jpg","datePublished":"2025-08-23T10:16:09+00:00","dateModified":"2025-10-27T13:50:10+00:00","breadcrumb":{"@id":"https:\/\/clenbuterolshops.com\/es\/producto\/ketotifeno-1-mg-30-comprimidos-sopharma-ue\/#breadcrumb"},"inLanguage":"es","potentialAction":[{"@type":"ReadAction","target":["https:\/\/clenbuterolshops.com\/es\/producto\/ketotifeno-1-mg-30-comprimidos-sopharma-ue\/"]}]},{"@type":"ImageObject","inLanguage":"es","@id":"https:\/\/clenbuterolshops.com\/es\/producto\/ketotifeno-1-mg-30-comprimidos-sopharma-ue\/#primaryimage","url":"https:\/\/clenbuterolshops.com\/wp-content\/uploads\/2025\/08\/Untitled-design-2.jpg","contentUrl":"https:\/\/clenbuterolshops.com\/wp-content\/uploads\/2025\/08\/Untitled-design-2.jpg","width":2250,"height":2250},{"@type":"BreadcrumbList","@id":"https:\/\/clenbuterolshops.com\/es\/producto\/ketotifeno-1-mg-30-comprimidos-sopharma-ue\/#breadcrumb","itemListElement":[{"@type":"ListItem","position":1,"name":"Inicio","item":"https:\/\/clenbuterolshops.com\/es\/"},{"@type":"ListItem","position":2,"name":"Tienda","item":"https:\/\/clenbuterolshops.com\/es\/tienda\/"},{"@type":"ListItem","position":3,"name":"Ketotifeno 1 mg (30 comprimidos) \u2014 sopharma (UE)"}]},{"@type":"WebSite","@id":"https:\/\/clenbuterolshops.com\/es\/#website","url":"https:\/\/clenbuterolshops.com\/es\/","name":"Clenbuterol Shops","description":"","potentialAction":[{"@type":"SearchAction","target":{"@type":"EntryPoint","urlTemplate":"https:\/\/clenbuterolshops.com\/es\/?s={search_term_string}"},"query-input":{"@type":"PropertyValueSpecification","valueRequired":true,"valueName":"search_term_string"}}],"inLanguage":"es"}]}},"_links":{"self":[{"href":"https:\/\/clenbuterolshops.com\/es\/wp-json\/wp\/v2\/product\/1414","targetHints":{"allow":["GET"]}}],"collection":[{"href":"https:\/\/clenbuterolshops.com\/es\/wp-json\/wp\/v2\/product"}],"about":[{"href":"https:\/\/clenbuterolshops.com\/es\/wp-json\/wp\/v2\/types\/product"}],"replies":[{"embeddable":true,"href":"https:\/\/clenbuterolshops.com\/es\/wp-json\/wp\/v2\/comments?post=1414"}],"wp:featuredmedia":[{"embeddable":true,"href":"https:\/\/clenbuterolshops.com\/es\/wp-json\/wp\/v2\/media\/1416"}],"wp:attachment":[{"href":"https:\/\/clenbuterolshops.com\/es\/wp-json\/wp\/v2\/media?parent=1414"}],"wp:term":[{"taxonomy":"product_brand","embeddable":true,"href":"https:\/\/clenbuterolshops.com\/es\/wp-json\/wp\/v2\/product_brand?post=1414"},{"taxonomy":"product_cat","embeddable":true,"href":"https:\/\/clenbuterolshops.com\/es\/wp-json\/wp\/v2\/product_cat?post=1414"},{"taxonomy":"product_tag","embeddable":true,"href":"https:\/\/clenbuterolshops.com\/es\/wp-json\/wp\/v2\/product_tag?post=1414"}],"curies":[{"name":"wp","href":"https:\/\/api.w.org\/{rel}","templated":true}]}}